{"id":87,"date":"2016-12-30T15:50:06","date_gmt":"2016-12-30T15:50:06","guid":{"rendered":"http:\/\/www.wustrow-hufe1.de\/?page_id=87"},"modified":"2018-12-26T16:30:49","modified_gmt":"2018-12-26T16:30:49","slug":"beschreibunganton","status":"publish","type":"page","link":"https:\/\/www.wustrow-hufe1.de\/index.php\/fewoanton\/beschreibunganton\/","title":{"rendered":"Beschreibung"},"content":{"rendered":"<h4><span style=\"color: #333399;\">Anton:<\/span><\/h4>\n<p style=\"padding-left: 30px;\">Unsere Ferienwohnung &#8220;Anton&#8221; bietet Platz f\u00fcr zwei Personen. Sie ist 27 qm gro\u00df und verf\u00fcgt \u00fcber einen Wohn- und Essbereich sowie ein separates Schlafzimmer mit integriertem Einbauschrank. Ferner geh\u00f6rt zu der Wohnung jeweils ein Bad, dass mit einer Eckdusche, WC und Waschbecken ausgestattet ist.<br \/>\nF\u00fcr die Zubereitungen von leckeren Speisen finden Sie alles Notwendige in der integrierten K\u00fcchenzeile. Neben Herd, Backofen und Geschirrsp\u00fclmaschine verf\u00fcgt die K\u00fcche auch \u00fcber eine Kaffeemaschine, Wasserkocher und Toaster. Zus\u00e4tzlich verf\u00fcgt die Wohnung \u00fcber kostenfreies WLAN.<\/p>\n<p style=\"padding-left: 30px;\">Ein besonderes Highlight stellt die Sonnenterrasse mit wundersch\u00f6nem Blick auf den Bodden dar.<\/p>\n<p style=\"padding-left: 30px;\">Die Wohnung ist \u00fcber einen separaten Hauseingang zug\u00e4nglich. Neben der Ferienwohnung befindet sich ein PKW-Stellplatz.<\/p>\n<p style=\"padding-left: 30px;\">Alle Ferienwohnungen sind Nichtraucherwohnungen. Haustiere sind nicht gestattet.<\/p>\n<p style=\"padding-left: 30px;\">Aufbettungen sind leider nicht m\u00f6glich.<\/p>\n","protected":false},"excerpt":{"rendered":"<p>Anton: Unsere Ferienwohnung &#8220;Anton&#8221; bietet Platz f\u00fcr zwei Personen. Sie ist 27 qm gro\u00df und verf\u00fcgt \u00fcber einen Wohn- und Essbereich sowie ein separates Schlafzimmer mit integriertem Einbauschrank. Ferner geh\u00f6rt &#8230;<\/p>\n","protected":false},"author":1,"featured_media":0,"parent":2,"menu_order":0,"comment_status":"closed","ping_status":"closed","template":"","meta":{"ngg_post_thumbnail":0,"footnotes":""},"class_list":["post-87","page","type-page","status-publish","hentry"],"_links":{"self":[{"href":"https:\/\/www.wustrow-hufe1.de\/index.php\/wp-json\/wp\/v2\/pages\/87","targetHints":{"allow":["GET"]}}],"collection":[{"href":"https:\/\/www.wustrow-hufe1.de\/index.php\/wp-json\/wp\/v2\/pages"}],"about":[{"href":"https:\/\/www.wustrow-hufe1.de\/index.php\/wp-json\/wp\/v2\/types\/page"}],"author":[{"embeddable":true,"href":"https:\/\/www.wustrow-hufe1.de\/index.php\/wp-json\/wp\/v2\/users\/1"}],"replies":[{"embeddable":true,"href":"https:\/\/www.wustrow-hufe1.de\/index.php\/wp-json\/wp\/v2\/comments?post=87"}],"version-history":[{"count":15,"href":"https:\/\/www.wustrow-hufe1.de\/index.php\/wp-json\/wp\/v2\/pages\/87\/revisions"}],"predecessor-version":[{"id":748,"href":"https:\/\/www.wustrow-hufe1.de\/index.php\/wp-json\/wp\/v2\/pages\/87\/revisions\/748"}],"up":[{"embeddable":true,"href":"https:\/\/www.wustrow-hufe1.de\/index.php\/wp-json\/wp\/v2\/pages\/2"}],"wp:attachment":[{"href":"https:\/\/www.wustrow-hufe1.de\/index.php\/wp-json\/wp\/v2\/media?parent=87"}],"curies":[{"name":"wp","href":"https:\/\/api.w.org\/{rel}","templated":true}]}}