{"id":50,"date":"2016-09-17T15:15:50","date_gmt":"2016-09-17T15:15:50","guid":{"rendered":"http:\/\/www.wustrow-hufe1.de\/?page_id=50"},"modified":"2018-03-30T10:16:22","modified_gmt":"2018-03-30T10:16:22","slug":"beschreibungmarlen","status":"publish","type":"page","link":"https:\/\/www.wustrow-hufe1.de\/index.php\/fewomarlen\/beschreibungmarlen\/","title":{"rendered":"Beschreibung"},"content":{"rendered":"<h4><span style=\"color: #993300;\">Marlen:\u00a0<\/span><\/h4>\n<p style=\"padding-left: 30px;\">Die zweite unserer Ferienwohnungen hei\u00dft \u201cMarlen\u201d. Auf\u00a026qm bietet die Wohnung neben einem Wohn- und Essbereich auch ein separates Schlafzimmer.\u00a0Ferner geh\u00f6rt zu der Wohnung jeweils ein Bad, dass mit einer Eckdusche, WC und Waschbecken ausgestattet ist.<\/p>\n<p style=\"padding-left: 30px;\">Im Wohn- und Essbereich befindet sich die integrierte K\u00fcchenzeile, die neben\u00a0Herd, Backofen und Geschirrsp\u00fclmaschine mit Kaffeemaschine, Wasserkocher und Toaster ausgestattet ist. Zus\u00e4tzlich verf\u00fcgt die Wohnung \u00fcber kostenfreies WLAN.\n<\/p>\n<p style=\"padding-left: 30px;\">Die Wohnung bietet Platz f\u00fcr zwei Personen.\u00a0Aufbettungen sind leider nicht m\u00f6glich.<\/p>\n<p style=\"padding-left: 30px;\">Ein besonderes Highlight stellt die Sonnenterrasse mit wundersch\u00f6nem Blick auf den Bodden dar.<\/p>\n<p style=\"padding-left: 30px;\">Die Wohnung ist \u00fcber einen separaten Hauseingang zug\u00e4nglich. Neben der Ferienwohnung befindet sich ein PKW-Stellplatz.<\/p>\n<p style=\"padding-left: 30px;\">Alle Ferienwohnungen sind Nichtraucherwohnungen. Haustiere sind nicht gestattet.<\/p>\n<p style=\"padding-left: 30px;\">\n","protected":false},"excerpt":{"rendered":"<p>Marlen:\u00a0 Die zweite unserer Ferienwohnungen hei\u00dft \u201cMarlen\u201d. Auf\u00a026qm bietet die Wohnung neben einem Wohn- und Essbereich auch ein separates Schlafzimmer.\u00a0Ferner geh\u00f6rt zu der Wohnung jeweils ein Bad, dass mit einer &#8230;<\/p>\n","protected":false},"author":1,"featured_media":0,"parent":7,"menu_order":0,"comment_status":"closed","ping_status":"closed","template":"","meta":{"ngg_post_thumbnail":0,"footnotes":""},"class_list":["post-50","page","type-page","status-publish","hentry"],"_links":{"self":[{"href":"https:\/\/www.wustrow-hufe1.de\/index.php\/wp-json\/wp\/v2\/pages\/50","targetHints":{"allow":["GET"]}}],"collection":[{"href":"https:\/\/www.wustrow-hufe1.de\/index.php\/wp-json\/wp\/v2\/pages"}],"about":[{"href":"https:\/\/www.wustrow-hufe1.de\/index.php\/wp-json\/wp\/v2\/types\/page"}],"author":[{"embeddable":true,"href":"https:\/\/www.wustrow-hufe1.de\/index.php\/wp-json\/wp\/v2\/users\/1"}],"replies":[{"embeddable":true,"href":"https:\/\/www.wustrow-hufe1.de\/index.php\/wp-json\/wp\/v2\/comments?post=50"}],"version-history":[{"count":13,"href":"https:\/\/www.wustrow-hufe1.de\/index.php\/wp-json\/wp\/v2\/pages\/50\/revisions"}],"predecessor-version":[{"id":663,"href":"https:\/\/www.wustrow-hufe1.de\/index.php\/wp-json\/wp\/v2\/pages\/50\/revisions\/663"}],"up":[{"embeddable":true,"href":"https:\/\/www.wustrow-hufe1.de\/index.php\/wp-json\/wp\/v2\/pages\/7"}],"wp:attachment":[{"href":"https:\/\/www.wustrow-hufe1.de\/index.php\/wp-json\/wp\/v2\/media?parent=50"}],"curies":[{"name":"wp","href":"https:\/\/api.w.org\/{rel}","templated":true}]}}