{"id":220,"date":"2017-01-07T17:40:54","date_gmt":"2017-01-07T17:40:54","guid":{"rendered":"http:\/\/www.wustrow-hufe1.de\/?page_id=220"},"modified":"2017-01-22T15:13:22","modified_gmt":"2017-01-22T15:13:22","slug":"hufe1","status":"publish","type":"page","link":"https:\/\/www.wustrow-hufe1.de\/index.php\/hufe1\/","title":{"rendered":"Hufe1"},"content":{"rendered":"<h3><span style=\"color: #333399;\">Ferienwohnungen<\/span><\/h3>\n<p style=\"padding-left: 30px;\">Unsere Ferienwohnungen liegen im idyllischen Barnstorf, ca. 1km vom Ostseebad Wustrow auf dem Fischland-Dar\u00df-Zingst entfernt. Auf einer kleinen Landzunge befinden sich vier alte Bauernh\u00e4user, die s.g. Hufen. In der Hufe 1 liegen unsere sch\u00f6nen Ferienwohnungen.<br \/>\nUnsere neu gebauten Ferienwohnungen in Barnstorf bestehen aus zwei Einheiten &#8211; Ferienwohnung &#8220;Anton&#8221; und Ferienwohnung &#8220;Marlen&#8221;. In beiden Wohnungen k\u00f6nnen jeweils maximal zwei Personen einen sch\u00f6nen Aufenthalt verbringen.<\/p>\n<p style=\"padding-left: 30px;\">Vom Bodden umgeben haben Sie von hier aus ideale M\u00f6glichkeiten, die Halbinsel und Ihre besondere Sch\u00f6nheit kennenzulernen. Auch die Ostsee mit seinen wei\u00dfen Sandstr\u00e4nden und der kristallklaren Luft l\u00e4sst sich mit dem Fahrrad oder zu Fu\u00df von hier aus problemlos erreichen.<\/p>\n<p style=\"padding-left: 30px;\">Lassen Sie sich von der wundersch\u00f6nen Natur und dem einmaligen Flair des Fischlandes verzaubern und besuchen Sie uns in den Ferienwohnungen der Hufe 1.<\/p>\n<p style=\"padding-left: 30px;\">Wir freuen uns schon heute auf Ihren Besuch!<\/p>\n","protected":false},"excerpt":{"rendered":"<p>Ferienwohnungen Unsere Ferienwohnungen liegen im idyllischen Barnstorf, ca. 1km vom Ostseebad Wustrow auf dem Fischland-Dar\u00df-Zingst entfernt. Auf einer kleinen Landzunge befinden sich vier alte Bauernh\u00e4user, die s.g. Hufen. In der &#8230;<\/p>\n","protected":false},"author":1,"featured_media":0,"parent":0,"menu_order":0,"comment_status":"closed","ping_status":"closed","template":"","meta":{"ngg_post_thumbnail":0,"footnotes":""},"class_list":["post-220","page","type-page","status-publish","hentry"],"_links":{"self":[{"href":"https:\/\/www.wustrow-hufe1.de\/index.php\/wp-json\/wp\/v2\/pages\/220","targetHints":{"allow":["GET"]}}],"collection":[{"href":"https:\/\/www.wustrow-hufe1.de\/index.php\/wp-json\/wp\/v2\/pages"}],"about":[{"href":"https:\/\/www.wustrow-hufe1.de\/index.php\/wp-json\/wp\/v2\/types\/page"}],"author":[{"embeddable":true,"href":"https:\/\/www.wustrow-hufe1.de\/index.php\/wp-json\/wp\/v2\/users\/1"}],"replies":[{"embeddable":true,"href":"https:\/\/www.wustrow-hufe1.de\/index.php\/wp-json\/wp\/v2\/comments?post=220"}],"version-history":[{"count":6,"href":"https:\/\/www.wustrow-hufe1.de\/index.php\/wp-json\/wp\/v2\/pages\/220\/revisions"}],"predecessor-version":[{"id":319,"href":"https:\/\/www.wustrow-hufe1.de\/index.php\/wp-json\/wp\/v2\/pages\/220\/revisions\/319"}],"wp:attachment":[{"href":"https:\/\/www.wustrow-hufe1.de\/index.php\/wp-json\/wp\/v2\/media?parent=220"}],"curies":[{"name":"wp","href":"https:\/\/api.w.org\/{rel}","templated":true}]}}